{"id":995,"date":"2023-09-25T19:58:54","date_gmt":"2023-09-25T17:58:54","guid":{"rendered":"https:\/\/widoo.be\/?post_type=product&#038;p=995"},"modified":"2025-03-09T11:18:48","modified_gmt":"2025-03-09T10:18:48","slug":"boite-a-fucks-101-pieces","status":"publish","type":"product","link":"https:\/\/widoo.be\/?product=boite-a-fucks-101-pieces","title":{"rendered":"Boite \u00e0 FUCKs (101 pi\u00e8ces)"},"content":{"rendered":"<p>Initi\u00e9 au rituel du Fuck ou pas&#8230; que ce soit \u00e0 votre coll\u00e8gue, chef, patron, voisin, ami, fr\u00e8re, soeur,&#8230; il y a toujours 100 bonnes raisons de distribuer un fuck gratuitement.<br \/>\nArr\u00eatez les frustrations et lib\u00e9rez vous!<br \/>\nN&rsquo;oubliez jamais que les mots valent bien plus que les gestes.<br \/>\nEt pour les plus r\u00e9calcitrants il existe aussi le fuck d&rsquo;or!<br \/>\nIl n&rsquo;y en a qu&rsquo;un&#8230; offres le donc au plus m\u00e9ri-chiant de votre entourage.<\/p>\n<p>Notre boite \u00e0 FUCKs est fabriqu\u00e9 artisanalement en Belgique.<\/p>\n","protected":false},"excerpt":{"rendered":"<p>Lib\u00e9rez vos frustrations et offrez un fuck au plus m\u00e9ri-chiant de votre entourage !<br \/>\nLa boite \u00e0 FUCKs est <strong>l&rsquo;indispensable<\/strong> au bureau ou \u00e0 la maison.<\/p>\n","protected":false},"featured_media":996,"comment_status":"open","ping_status":"closed","template":"","meta":[],"product_brand":[],"product_cat":[166,175,176],"product_tag":[205,200,203,202,204,201],"class_list":{"0":"post-995","1":"product","2":"type-product","3":"status-publish","4":"has-post-thumbnail","6":"product_cat-idee-cadeau","7":"product_cat-pour-elle","8":"product_cat-pour-lui","9":"product_tag-cadeau","10":"product_tag-decoration","11":"product_tag-frustrations","12":"product_tag-fuck","13":"product_tag-fun","14":"product_tag-humour","16":"first","17":"instock","18":"sale","19":"purchasable","20":"product-type-simple"},"jetpack_sharing_enabled":true,"_links":{"self":[{"href":"https:\/\/widoo.be\/index.php?rest_route=\/wp\/v2\/product\/995","targetHints":{"allow":["GET"]}}],"collection":[{"href":"https:\/\/widoo.be\/index.php?rest_route=\/wp\/v2\/product"}],"about":[{"href":"https:\/\/widoo.be\/index.php?rest_route=\/wp\/v2\/types\/product"}],"replies":[{"embeddable":true,"href":"https:\/\/widoo.be\/index.php?rest_route=%2Fwp%2Fv2%2Fcomments&post=995"}],"wp:featuredmedia":[{"embeddable":true,"href":"https:\/\/widoo.be\/index.php?rest_route=\/wp\/v2\/media\/996"}],"wp:attachment":[{"href":"https:\/\/widoo.be\/index.php?rest_route=%2Fwp%2Fv2%2Fmedia&parent=995"}],"wp:term":[{"taxonomy":"product_brand","embeddable":true,"href":"https:\/\/widoo.be\/index.php?rest_route=%2Fwp%2Fv2%2Fproduct_brand&post=995"},{"taxonomy":"product_cat","embeddable":true,"href":"https:\/\/widoo.be\/index.php?rest_route=%2Fwp%2Fv2%2Fproduct_cat&post=995"},{"taxonomy":"product_tag","embeddable":true,"href":"https:\/\/widoo.be\/index.php?rest_route=%2Fwp%2Fv2%2Fproduct_tag&post=995"}],"curies":[{"name":"wp","href":"https:\/\/api.w.org\/{rel}","templated":true}]}}