{"id":574,"date":"2021-03-22T10:54:55","date_gmt":"2021-03-22T09:54:55","guid":{"rendered":"https:\/\/widoo.be\/?product=pictogramme-230v"},"modified":"2024-01-05T18:29:23","modified_gmt":"2024-01-05T17:29:23","slug":"pictogramme-230v","status":"publish","type":"product","link":"https:\/\/widoo.be\/?product=pictogramme-230v","title":{"rendered":"Pictogramme 230V"},"content":{"rendered":"<p>Pictogramme en acrylique avec face arri\u00e8re auto-collante \u00e0 fort pouvoir adh\u00e9rent.<\/p>\n<p>Convient pour une utilisation \u00e0 l&rsquo;int\u00e9rieur comme \u00e0 l&rsquo;ext\u00e9rieur.<\/p>\n<p>Dimensions : 100 x 89 x 1,6mm<\/p>\n","protected":false},"excerpt":{"rendered":"<p>Pictogramme 230 Volts.<br \/>\nPour tableaux \/ armoires \/ coffrets \u00e9lectrique.<\/p>\n","protected":false},"featured_media":597,"comment_status":"closed","ping_status":"closed","template":"","meta":[],"product_brand":[],"product_cat":[164],"product_tag":[],"class_list":{"0":"post-574","1":"product","2":"type-product","3":"status-publish","4":"has-post-thumbnail","6":"product_cat-fourniture-industrielle","8":"first","9":"instock","10":"sold-individually","11":"purchasable","12":"product-type-simple"},"jetpack_sharing_enabled":true,"_links":{"self":[{"href":"https:\/\/widoo.be\/index.php?rest_route=\/wp\/v2\/product\/574","targetHints":{"allow":["GET"]}}],"collection":[{"href":"https:\/\/widoo.be\/index.php?rest_route=\/wp\/v2\/product"}],"about":[{"href":"https:\/\/widoo.be\/index.php?rest_route=\/wp\/v2\/types\/product"}],"replies":[{"embeddable":true,"href":"https:\/\/widoo.be\/index.php?rest_route=%2Fwp%2Fv2%2Fcomments&post=574"}],"wp:featuredmedia":[{"embeddable":true,"href":"https:\/\/widoo.be\/index.php?rest_route=\/wp\/v2\/media\/597"}],"wp:attachment":[{"href":"https:\/\/widoo.be\/index.php?rest_route=%2Fwp%2Fv2%2Fmedia&parent=574"}],"wp:term":[{"taxonomy":"product_brand","embeddable":true,"href":"https:\/\/widoo.be\/index.php?rest_route=%2Fwp%2Fv2%2Fproduct_brand&post=574"},{"taxonomy":"product_cat","embeddable":true,"href":"https:\/\/widoo.be\/index.php?rest_route=%2Fwp%2Fv2%2Fproduct_cat&post=574"},{"taxonomy":"product_tag","embeddable":true,"href":"https:\/\/widoo.be\/index.php?rest_route=%2Fwp%2Fv2%2Fproduct_tag&post=574"}],"curies":[{"name":"wp","href":"https:\/\/api.w.org\/{rel}","templated":true}]}}